{"id":846,"date":"2019-03-08T17:43:41","date_gmt":"2019-03-08T16:43:41","guid":{"rendered":"http:\/\/mielleriecollectivedesbauges.com\/?page_id=846"},"modified":"2023-08-08T18:06:51","modified_gmt":"2023-08-08T16:06:51","slug":"reportages-videos","status":"publish","type":"page","link":"https:\/\/mielleriecollectivedesbauges.com\/index.php\/reportages-videos\/","title":{"rendered":"Reportages vid\u00e9os"},"content":{"rendered":"<div data-colibri-id=\"846-c1\" class=\"style-507 style-local-846-c1 position-relative\">\n  <!----><p><\/p>\n<div data-colibri-component=\"section\" data-colibri-id=\"846-c2\" id=\"initial-content\" class=\"h-section h-section-global-spacing d-flex align-items-lg-center align-items-md-center align-items-center style-508 style-local-846-c2 position-relative\">\n    <!----><br>\n    <!----><p><\/p>\n<div class=\"h-section-grid-container h-section-boxed-container\">\n      <!----><p><\/p>\n<div data-colibri-id=\"846-c9\" class=\"h-row-container gutters-row-lg-2 gutters-row-md-2 gutters-row-0 gutters-row-v-lg-2 gutters-row-v-md-2 gutters-row-v-2 style-517 style-local-846-c9 position-relative\">\n        <!----><p><\/p>\n<div class=\"h-row justify-content-lg-center justify-content-md-center justify-content-center align-items-lg-stretch align-items-md-stretch align-items-stretch gutters-col-lg-2 gutters-col-md-2 gutters-col-0 gutters-col-v-lg-2 gutters-col-v-md-2 gutters-col-v-2\">\n          <!----><p><\/p>\n<div class=\"h-column h-column-container d-flex h-col-lg-auto h-col-md-auto h-col-auto style-518-outer style-local-846-c10-outer\">\n<div data-colibri-id=\"846-c10\" class=\"d-flex h-flex-basis h-column__inner h-px-lg-2 h-px-md-2 h-px-2 v-inner-lg-2 v-inner-md-2 v-inner-2 style-518 style-local-846-c10 position-relative\">\n              <!----><br>\n              <!----><p><\/p>\n<div class=\"w-100 h-y-container h-column__content h-column__v-align flex-basis-100 align-self-lg-start align-self-md-start align-self-start\">\n                <!----><p><\/p>\n<div data-colibri-id=\"846-c11\" class=\"h-divider style-516 style-local-846-c11 position-relative h-element\">\n                  <!----><span class=\"h-divider__line style-516-line style-local-846-c11-line style-516-line style-local-846-c11-line\"><\/span> <span class=\"h-svg-icon h-divider__icon style-516-icon style-local-846-c11-icon\"><!--Icon by Socicon (http:\/\/www.socicon.com)--><svg version=\"1.1\" xmlns=\"http:\/\/www.w3.org\/2000\/svg\" viewBox=\"0 0 1500 1500\"><\/svg><p><\/p>\n<path d=\"M559.57 934.57c-61.523 93.75-105.469 187.5-137.695 257.813 0 2.93-23.438 58.594-29.297 76.172-8.789 20.508 2.93 43.945 23.438 52.734 17.578 5.859 73.242 26.367 76.172 29.297 73.242 23.438 169.922 52.734 278.32 70.313-61.523-61.523-114.258-137.695-152.344-219.727s-55.664-172.852-58.594-266.602zM773.438 547.852c0 0 0 0 0 0-2.93-5.859-8.789-20.508-11.719-23.438-210.938-433.594-679.688-416.016-752.93-222.656-58.594 146.484 190.43 500.977 764.648 246.094zM867.188 506.836c0 0 0 0 0 0 325.195-143.555 278.32-392.578 196.289-424.805-114.258-43.945-319.336 123.047-202.148 413.086 2.93 2.93 5.859 8.789 5.859 11.719zM1461.914 823.242c-46.875-108.398-137.695-187.5-243.164-225.586-8.789-2.93-20.508-5.859-32.227-5.859-52.734 0-105.469 43.945-111.328 102.539-5.859 93.75 11.719 187.5 52.734 281.25 41.016 90.82 96.68 166.992 172.852 225.586 17.578 14.648 41.016 20.508 64.453 20.508 43.945 0 84.961-23.438 102.539-61.523 43.945-105.469 43.945-225.586-5.859-336.914zM1004.883 1031.25c-52.734-117.188-73.242-234.375-64.453-348.633 2.93-32.227 14.648-64.453 29.297-93.75-2.93 2.93-8.789 2.93-8.789 2.93-46.875 11.719-93.75 32.227-134.766 58.594-58.594 41.016-111.328 99.609-134.766 166.992-5.859 17.578-11.719 38.086-11.719 58.594-8.789 90.82 5.859 187.5 46.875 278.32 41.016 87.891 96.68 161.133 166.992 216.797 43.945 32.227 123.047 55.664 184.57 55.664 58.594 0 117.188-17.578 169.922-43.945 17.578-8.789 52.734-32.227 55.664-35.156-32.227-5.859-61.523-20.508-84.961-41.016-90.82-67.383-164.063-161.133-213.867-275.391z\"><\/path>\n<br>\n<\/span> <span class=\"h-divider__line style-516-line style-local-846-c11-line style-516-line style-local-846-c11-line\"><\/span><\/div>\n<p><\/p>\n<\/div>\n<\/div>\n<\/div>\n<\/div>\n<\/div>\n<div data-colibri-id=\"846-c3\" class=\"h-row-container gutters-row-lg-2 gutters-row-md-2 gutters-row-0 gutters-row-v-lg-2 gutters-row-v-md-2 gutters-row-v-2 style-509 style-local-846-c3 position-relative\">\n        <!----><p><\/p>\n<div class=\"h-row justify-content-lg-center justify-content-md-center justify-content-center align-items-lg-stretch align-items-md-stretch align-items-stretch gutters-col-lg-2 gutters-col-md-2 gutters-col-0 gutters-col-v-lg-2 gutters-col-v-md-2 gutters-col-v-2\">\n          <!----><p><\/p>\n<div class=\"h-column h-column-container d-flex h-col-lg-auto h-col-md-auto h-col-auto style-510-outer style-local-846-c4-outer\">\n<div data-colibri-id=\"846-c4\" class=\"d-flex h-flex-basis h-column__inner h-px-lg-2 h-px-md-2 h-px-2 v-inner-lg-2 v-inner-md-2 v-inner-2 style-510 style-local-846-c4 position-relative\">\n              <!----><br>\n              <!----><p><\/p>\n<div class=\"w-100 h-y-container h-column__content h-column__v-align flex-basis-100 align-self-lg-start align-self-md-start align-self-start\">\n                <!----><p><\/p>\n<div data-colibri-id=\"846-c5\" class=\"style-511 style-local-846-c5 position-relative h-element\">\n                  <!----><p><\/p>\n<div><\/div>\n<\/div>\n<\/div>\n<\/div>\n<\/div>\n<\/div>\n<\/div>\n<\/div>\n<\/div>\n<\/div>\n\n\n<figure class=\"wp-block-embed is-type-video is-provider-youtube wp-block-embed-youtube wp-embed-aspect-16-9 wp-has-aspect-ratio\"><div class=\"wp-block-embed__wrapper\">\n<iframe title=\"Un monde d&#039;abeilles - Le dessous des cartes | ARTE\" width=\"500\" height=\"281\" src=\"https:\/\/www.youtube.com\/embed\/3vF4RVOqC4U?feature=oembed\" frameborder=\"0\" allow=\"accelerometer; autoplay; clipboard-write; encrypted-media; gyroscope; picture-in-picture; web-share\" referrerpolicy=\"strict-origin-when-cross-origin\" allowfullscreen><\/iframe>\n<\/div><\/figure>\n\n\n\n<hr class=\"wp-block-separator has-alpha-channel-opacity\"\/>\n\n\n\n<p><strong>Un monde d&rsquo;abeilles &#8211; Le dessous des cartes, ARTE<\/strong><\/p>\n\n\n\n<p>Histoire et g\u00e9ographie des abeilles. \u00ab\u00a0Le Dessous des cartes\u00a0\u00bb explore le parcours de ces butineuses qui ont suivi l\u2019\u00eatre humain dans ses conqu\u00eates de nouveaux espaces, tandis que celui-ci les mettait \u00e0 son service. Parmi les millions d\u2019esp\u00e8ces d\u2019insectes qui nous entourent, les abeilles jouent un r\u00f4le \u00e0 part : cire, miel et surtout pollinisation, elles remplissent une fonction essentielle pour nos productions agricoles.&nbsp; D\u00e8s lors, l\u2019abeille nous raconte \u00e0 la fois l\u2019\u00e9volution de nos \u00e9changes et de nos modes de production. Insecte mondialis\u00e9, elle subit ainsi les exc\u00e8s de l\u2019industrialisation de notre agriculture. S\u2019int\u00e9resser au monde des abeilles et aux abeilles dans le monde, c\u2019est \u00e0 la fin de l\u2019histoire, tirer une sonnette d\u2019alarme pour s\u2019inqui\u00e9ter des cons\u00e9quences de leur possible disparition.<\/p>\n\n\n\n<hr class=\"wp-block-separator has-alpha-channel-opacity\"\/>\n\n\n\n<blockquote class=\"wp-block-quote is-layout-flow wp-block-quote-is-layout-flow\">\n<p>Projet europ\u00e9en AlpFoodway <\/p>\n<\/blockquote>\n\n\n\n<h4 class=\"wp-block-heading\">Focus sur le documentaire europ\u00e9en :\n                      <br>\u00ab\u00a0Alpfood way &#8211; Les \u00ab\u00a0Savoir-faire\u00a0\u00bb en montagne\u00a0\u00bb<\/h4>\n\n\n\n<p class=\"has-text-align-left\">En partenariat avec le Parc des Bauges, notre pr\u00e9sident, Antoine Volpi, a eu l&rsquo;occasion d&rsquo;\u00eatre film\u00e9 au mois de mai dernier afin de r\u00e9aliser ce tr\u00e8s joli reportage intitul\u00e9 \u00ab\u00a0Savoir-faire\u00a0\u00bb dans le cadre du projet AlpFoodway. <\/p>\n\n\n\n<p>Ce projet a pour objectif la cr\u00e9ation d\u2019un mod\u00e8le de d\u00e9veloppement \u00e9conomique, social et culturel durable pour les zones de montagne, bas\u00e9 d\u2019une part sur la pr\u00e9servation du patrimoine alimentaire et culturel de l\u2019Espace Alpin et d\u2019autre\n                      part sur sa valorisation par l&rsquo;adoption d\u2019outils de marketing et de gouvernance novateurs. <\/p>\n\n\n\n<figure class=\"wp-block-video\"><video controls src=\"http:\/\/www.mielleriecollectivedesbauges.com\/videoalpfoodway.mov\"><\/video><\/figure>\n\n\n\n<hr class=\"wp-block-separator has-css-opacity\"\/>\n\n\n\n<p><\/p>\n\n\n\n<p><\/p>\n\n\n\n<blockquote class=\"wp-block-quote is-layout-flow wp-block-quote-is-layout-flow\">\n<p><strong>La Haute-Savoie abrite la premi\u00e8re miellerie collective de France<\/strong><\/p>\n<\/blockquote>\n\n\n\n<h4 class=\"wp-block-heading\">Focus sur l&rsquo;\u00e9mission :\n                      <br>\u00ab\u00a0Des Racines et des Ailes\u00a0\u00bb diffus\u00e9e sur France 3 <\/h4>\n\n\n\n<p class=\"has-text-align-left\">Notre miellerie a eu l&rsquo;honneur d&rsquo;\u00eatre pr\u00e9sent\u00e9e dans l&rsquo;\u00e9mission <strong>\u00ab\u00a0Des racines et des ailes &#8211; Au fil de l&rsquo;Is\u00e8re \u00ab\u00a0<\/strong> diffus\u00e9e sur France 3 le 6 septembre dernier. <\/p>\n\n\n\n<figure class=\"wp-block-video\"><video height=\"720\" style=\"aspect-ratio: 1280 \/ 720;\" width=\"1280\" controls src=\"https:\/\/mielleriecollectivedesbauges.com\/wp-content\/uploads\/2017\/10\/Sur-les-rives-de-lIs\u00e8re-2.mp4\"><\/video><\/figure>\n\n\n\n<hr class=\"wp-block-separator has-css-opacity\"\/>\n\n\n\n<p><\/p>\n\n\n\n<p><\/p>\n\n\n\n<blockquote class=\"wp-block-quote is-layout-flow wp-block-quote-is-layout-flow\">\n<p><strong>Un monde sans abeille serait-il viable ?<\/strong><\/p>\n<\/blockquote>\n\n\n\n<h4 class=\"wp-block-heading\">Focus sur le reportage :\n                      <br>\u00ab\u00a0Abeilles : to bee or not to be\u00a0\u00bb diffus\u00e9 sur France 2 <\/h4>\n\n\n<div class=\"wp-block-image\">\n<figure class=\"aligncenter is-resized\"><img decoding=\"async\" src=\"https:\/\/mielleriecollectivedesbauges.com\/wp-content\/uploads\/2018\/01\/to-bee-or-not-to-bee-300x277.jpg\" alt=\"\" width=\"200\" height=\"185\"\/><\/figure>\n<\/div>\n\n\n<p class=\"has-text-align-left\">Ce dimanche 14 janvier sur France 2 avec Laurent Delahousse \u00e0 13h15, a \u00e9t\u00e9 diffus\u00e9 un reportage de 45 minutes tr\u00e8s int\u00e9ressant sur les \u00ab\u00a0Abeilles et les pesticides\u00a0\u00bb avec la participation de Frank Al\u00e9tru. Un reportage qui commence au\n                      Mexique, puis passe par Cuba pour ensuite se d\u00e9rouler en France avec un focus sur la probl\u00e9matique des pesticides.<\/p>\n\n\n\n<p>Pour visionner le reportage, rendez-vous sur le site de France TV Info :<\/p>\n\n\n\n<p class=\"has-text-align-center\">\n                      <a href=\"https:\/\/www.francetvinfo.fr\/replay-magazine\/france-2\/13h15\/13h15-du-dimanche-14-janvier-2018_2549723.html\">Reportage to be or to bee ?<\/a>\n                    <\/p>\n\n\n\n<hr class=\"wp-block-separator has-css-opacity\"\/>\n\n\n\n<p>\n                      <a href=\"https:\/\/mielleriecollectivedesbauges.com\/wp-content\/uploads\/2018\/01\/to-bee-or-not-to-bee.jpg\"><\/a>\n                    <\/p>\n\n\n<p><\/p>\n<p><\/p>\n<p><\/p>\n<p><\/p>","protected":false},"excerpt":{"rendered":"<p>Un monde d&rsquo;abeilles &#8211; Le dessous des cartes, ARTE Histoire et g\u00e9ographie des abeilles. \u00ab\u00a0Le Dessous des cartes\u00a0\u00bb explore le parcours de ces butineuses qui ont suivi l\u2019\u00eatre humain dans ses conqu\u00eates de nouveaux espaces, tandis que celui-ci les mettait \u00e0 son service. Parmi les millions d\u2019esp\u00e8ces d\u2019insectes qui nous entourent, les abeilles jouent un [&hellip;]<\/p>\n","protected":false},"author":1,"featured_media":882,"parent":0,"menu_order":0,"comment_status":"closed","ping_status":"closed","template":"page-templates\/full-width-page.php","meta":{"_exactmetrics_skip_tracking":false,"_exactmetrics_sitenote_active":false,"_exactmetrics_sitenote_note":"","_exactmetrics_sitenote_category":0,"footnotes":""},"class_list":["post-846","page","type-page","status-publish","has-post-thumbnail","hentry"],"jetpack_sharing_enabled":true,"_links":{"self":[{"href":"https:\/\/mielleriecollectivedesbauges.com\/index.php\/wp-json\/wp\/v2\/pages\/846","targetHints":{"allow":["GET"]}}],"collection":[{"href":"https:\/\/mielleriecollectivedesbauges.com\/index.php\/wp-json\/wp\/v2\/pages"}],"about":[{"href":"https:\/\/mielleriecollectivedesbauges.com\/index.php\/wp-json\/wp\/v2\/types\/page"}],"author":[{"embeddable":true,"href":"https:\/\/mielleriecollectivedesbauges.com\/index.php\/wp-json\/wp\/v2\/users\/1"}],"replies":[{"embeddable":true,"href":"https:\/\/mielleriecollectivedesbauges.com\/index.php\/wp-json\/wp\/v2\/comments?post=846"}],"version-history":[{"count":18,"href":"https:\/\/mielleriecollectivedesbauges.com\/index.php\/wp-json\/wp\/v2\/pages\/846\/revisions"}],"predecessor-version":[{"id":1947,"href":"https:\/\/mielleriecollectivedesbauges.com\/index.php\/wp-json\/wp\/v2\/pages\/846\/revisions\/1947"}],"wp:featuredmedia":[{"embeddable":true,"href":"https:\/\/mielleriecollectivedesbauges.com\/index.php\/wp-json\/wp\/v2\/media\/882"}],"wp:attachment":[{"href":"https:\/\/mielleriecollectivedesbauges.com\/index.php\/wp-json\/wp\/v2\/media?parent=846"}],"curies":[{"name":"wp","href":"https:\/\/api.w.org\/{rel}","templated":true}]}}