{"id":304,"date":"2017-10-09T16:11:29","date_gmt":"2017-10-09T14:11:29","guid":{"rendered":"http:\/\/mielleriecollectivedesbauges.com\/?page_id=304"},"modified":"2023-08-08T17:54:27","modified_gmt":"2023-08-08T15:54:27","slug":"videos-et-lectures","status":"publish","type":"page","link":"https:\/\/mielleriecollectivedesbauges.com\/index.php\/videos-et-lectures\/","title":{"rendered":"Vid\u00e9os et lectures autour de l&rsquo;apiculture"},"content":{"rendered":"<p><a href=\"https:\/\/mielleriecollectivedesbauges.com\/index.php\/videos-et-lectures\/faux-bourdon-etc\/\" rel=\"attachment wp-att-324\"><img fetchpriority=\"high\" decoding=\"async\" class=\"wp-image-324 aligncenter\" src=\"https:\/\/mielleriecollectivedesbauges.com\/wp-content\/uploads\/2017\/10\/faux-bourdon-etc.jpg\" alt=\"\" width=\"407\" height=\"204\" srcset=\"https:\/\/mielleriecollectivedesbauges.com\/wp-content\/uploads\/2017\/10\/faux-bourdon-etc.jpg 499w, https:\/\/mielleriecollectivedesbauges.com\/wp-content\/uploads\/2017\/10\/faux-bourdon-etc-300x150.jpg 300w\" sizes=\"(max-width: 407px) 100vw, 407px\" \/><\/a><\/p>\n<p><strong>Vous avez dit Apith\u00e9rapie ? Mais dites nous en plus !<\/strong><\/p>\n<p><iframe title=\"Soigner une blessure avec du miel\" frameborder=\"0\" width=\"500\" height=\"375\" src=\"https:\/\/geo.dailymotion.com\/player.html?video=xyin6l&#038;\" allowfullscreen allow=\"autoplay; fullscreen; picture-in-picture; web-share\"><\/iframe><\/p>\n<p align=\"justify\">Tout miel poss\u00e8de naturellement des propri\u00e9t\u00e9s antibact\u00e9riennes li\u00e9es entre autres \u00e0 son osmolarit\u00e9 et \u00e0 la production d&rsquo;eau oxyg\u00e9n\u00e9e. La glucose-oxydase, enzyme s\u00e9cr\u00e9t\u00e9e par les glandes hypopharyngiennes de l&rsquo;abeille, transforme le glucose pr\u00e9sent dans le nectar en acide gluconique, avec lib\u00e9ration d&rsquo;eau oxyg\u00e9n\u00e9e.<\/p>\n<p align=\"justify\">Mais&nbsp;<strong>les miels issus des fleurs de&nbsp;plantes ayant des propri\u00e9t\u00e9s antibact\u00e9riennes,<\/strong>&nbsp;telles<strong>&nbsp;la lavande<\/strong>&nbsp;et surtout<strong>&nbsp;le thym<\/strong>&nbsp;(qui fournit&nbsp;<a href=\"http:\/\/aromage.fr\/huiles-essentielles\/54-huile-essentielle-thym-a-thymol.html\"><strong>une huile essentielle<\/strong><\/a><strong>&nbsp;<\/strong><strong>extraordinaire par sa puissance d&rsquo;action et sa bonne tol\u00e9rance)<\/strong>, ont une activit\u00e9 antibact\u00e9rienne encore plus forte.<\/p>\n<p align=\"justify\">Le travail du Professeur Descottes a largement d\u00e9pass\u00e9 le service de chirurgie visc\u00e9rale du CHU de Limoges, puisque de plus en plus d\u2019h\u00f4pitaux adh\u00e8rent aujourd\u2019hui \u00e0 ces protocoles de soins au naturel, et de plus en plus de maisons de retraite utilisent le miel de thym notamment dans l<strong>a cicatrisation des escarres<\/strong>.<\/p>\n<p align=\"justify\">Les escarres sont provoqu\u00e9s par&nbsp;<strong>un&nbsp;<\/strong><strong>blocage des vaisseaux sanguins<\/strong>&nbsp;d\u00e9truisant les tissus sur une surface localis\u00e9e.<\/p>\n<p align=\"justify\">Le miel aide l\u2019<strong>\u00e9limination des tissus n\u00e9crotiques<\/strong>&nbsp;en produisant de l\u2019eau oxyg\u00e9n\u00e9e de fa\u00e7on naturelle. Celle-ci poss\u00e8de des propri\u00e9t\u00e9s anti-bact\u00e9riennes et pr\u00e9vient les inflammations. Par ailleurs les s\u00e9cr\u00e9tions dues \u00e0 la plaie sont nettoy\u00e9es par le miel. Et celui-ci&nbsp;<strong>facilite la r\u00e9g\u00e9n\u00e9ration du derme<\/strong>.<\/p>\n<p align=\"justify\">De plus, la viscosit\u00e9 du miel qui emp\u00eache son adh\u00e9rence facilite le retrait du pansement appliqu\u00e9 sur une plaie.<\/p>\n<p align=\"justify\"><strong>Le taux de cicatrisation est consid\u00e9rablement am\u00e9lior\u00e9, et le besoin de traitement antiseptique nettement r\u00e9duit<\/strong>.<\/p>\n<hr>\n<p><strong>\u00ab\u00a0Des abeilles et des hommes\u00a0\u00bb Film documentaire r\u00e9alis\u00e9 en f\u00e9vrier 2013 par&nbsp;<a class=\"blue-link\" title=\"Markus Imhoof\" href=\"http:\/\/www.allocine.fr\/personne\/fichepersonne_gen_cpersonne=19726.html\">Markus Imhoof<\/a><\/strong><\/p>\n<div class=\"titlebar \">SYNOPSIS ET D\u00c9TAIL : Entre 50 et 90% des abeilles ont disparu depuis quinze ans. Cette \u00e9pid\u00e9mie, d\u2019une violence et d\u2019une ampleur ph\u00e9nom\u00e9nale, est en train de se propager de ruche en ruche sur toute la plan\u00e8te. Partout, le m\u00eame sc\u00e9nario : par milliards, les abeilles quittent leurs ruches pour ne plus y revenir. Aucun cadavre \u00e0 proximit\u00e9. Aucun pr\u00e9dateur visible.<\/div>\n<div class=\"synopsis-txt\">Arriv\u00e9e sur Terre 60 millions d\u2019ann\u00e9es avant l\u2019homme, l\u2019Apis mellifera (l\u2019abeille \u00e0 miel) est aussi indispensable \u00e0 notre \u00e9conomie qu\u2019\u00e0 notre survie.<br>\nAujourd\u2019hui, nous avons tous de quoi \u00eatre pr\u00e9occup\u00e9s : 80 % des esp\u00e8ces v\u00e9g\u00e9tales ont besoin des abeilles pour \u00eatre f\u00e9cond\u00e9es. Sans elles, pas de pollinisation, donc pratiquement plus de fruits, ni l\u00e9gumes. Il y a soixante ans, Einstein avait d\u00e9j\u00e0 insist\u00e9 sur la relation de d\u00e9pendance qui lie les butineuses \u00e0 l\u2019homme : \u00ab Si l\u2019abeille disparaissait du globe, l\u2019homme n\u2019aurait plus que quatre ann\u00e9es \u00e0 vivre. \u00bb<\/div>\n<div><\/div>\n<p><iframe title=\"des abeilles et des hommes (1)\" frameborder=\"0\" width=\"500\" height=\"288\" src=\"https:\/\/geo.dailymotion.com\/player.html?video=x16c5rd&#038;\" allowfullscreen allow=\"autoplay; fullscreen; picture-in-picture; web-share\"><\/iframe><\/p>\n<hr>\n<p><strong>\u00ab\u00a0Les routes du miel\u00a0\u00bb Livre aux Editions Hozhoni<\/strong><\/p>\n<p>Partout dans le monde, l\u2019abeille accompagne l\u2019homme depuis des mill\u00e9naires.&nbsp;Cueilleur, \u00e9leveur ou voleur celui-ci s\u2019ing\u00e9nie partout \u00e0 l\u2019apprivoiser pour lui soustraire son divin \u00e9lixir. Et si on d\u00e9couvre aujourd\u2019hui son r\u00f4le d\u00e9terminant dans la propagation de la vie, l\u2019approche des us et coutumes qui l\u2019entourent devient aussi le plus passionnant des voyages.<\/p>\n<p><a href=\"http:\/\/www.lesroutesdumiel.com\/eric-tourneret\/\">http:\/\/www.lesroutesdumiel.com\/eric-tourneret\/<\/a><\/p>\n<hr>\n<p><strong>\u00a0\u00bb Guide des bonnes pratiques apicoles \u00a0\u00bb Livre aux Editions&nbsp;<\/strong><\/p>\n<p>Destin\u00e9 \u00e0 tous les apiculteurs, quel que soit leur nombre de ruches et leur exp\u00e9rience, ce guide passe en revue les bonnes pratiques n\u00e9cessaires \u00e0 la gestion d\u2019un cheptel et dans la miellerie (ou le laboratoire de gel\u00e9e royale).<\/p>\n<p><a href=\"http:\/\/www.apiculture.net\/livres-apiculture\/2761-guide-des-bonnes-pratiques-apicoles.html\">http:\/\/www.apiculture.net\/livres-apiculture\/2761-guide-des-bonnes-pratiques-apicoles.html<\/a><\/p>\n<hr>\n<p><strong>Sur le site internet de l&rsquo;UNAF, vous trouverez un espace boutique o\u00f9 de nombreux livres sont en vente.<\/strong><\/p>\n<p><a href=\"https:\/\/www.unaf-apiculture.info\/boutique-et-librairie\/\">https:\/\/www.unaf-apiculture.info\/boutique-et-librairie\/<\/a><\/p>\n\n\n<p><strong>Un monde d&rsquo;abeilles &#8211; Le dessous des cartes, ARTE.<\/strong><\/p>\n\n\n\n<p>Histoire et g\u00e9ographie des abeilles. \u00ab\u00a0Le Dessous des cartes\u00a0\u00bb explore le parcours de ces butineuses qui ont suivi l\u2019\u00eatre humain dans ses conqu\u00eates de nouveaux espaces, tandis que celui-ci les mettait \u00e0 son service. Parmi les millions d\u2019esp\u00e8ces d\u2019insectes qui nous entourent, les abeilles jouent un r\u00f4le \u00e0 part : cire, miel et surtout pollinisation, elles remplissent une fonction essentielle pour nos productions agricoles.\u00a0 D\u00e8s lors, l\u2019abeille nous raconte \u00e0 la fois l\u2019\u00e9volution de nos \u00e9changes et de nos modes de production. Insecte mondialis\u00e9, elle subit ainsi les exc\u00e8s de l\u2019industrialisation de notre agriculture. S\u2019int\u00e9resser au monde des abeilles et aux abeilles dans le monde, c\u2019est \u00e0 la fin de l\u2019histoire, tirer une sonnette d\u2019alarme pour s\u2019inqui\u00e9ter des cons\u00e9quences de leur possible disparition.<\/p>\n\n\n\n<figure class=\"wp-block-embed is-type-video is-provider-youtube wp-block-embed-youtube wp-embed-aspect-16-9 wp-has-aspect-ratio\"><div class=\"wp-block-embed__wrapper\">\n<iframe title=\"Un monde d&#039;abeilles - Le dessous des cartes | ARTE\" width=\"500\" height=\"281\" src=\"https:\/\/www.youtube.com\/embed\/3vF4RVOqC4U?feature=oembed\" frameborder=\"0\" allow=\"accelerometer; autoplay; clipboard-write; encrypted-media; gyroscope; picture-in-picture; web-share\" referrerpolicy=\"strict-origin-when-cross-origin\" allowfullscreen><\/iframe>\n<\/div><\/figure>\n","protected":false},"excerpt":{"rendered":"<p>Vous avez dit Apith\u00e9rapie ? Mais dites nous en plus ! Tout miel poss\u00e8de naturellement des propri\u00e9t\u00e9s antibact\u00e9riennes li\u00e9es entre autres \u00e0 son osmolarit\u00e9 et \u00e0 la production d&rsquo;eau oxyg\u00e9n\u00e9e. La glucose-oxydase, enzyme s\u00e9cr\u00e9t\u00e9e par les glandes hypopharyngiennes de l&rsquo;abeille, transforme le glucose pr\u00e9sent dans le nectar en acide gluconique, avec lib\u00e9ration d&rsquo;eau oxyg\u00e9n\u00e9e. Mais&nbsp;les [&hellip;]<\/p>\n","protected":false},"author":1,"featured_media":0,"parent":0,"menu_order":0,"comment_status":"closed","ping_status":"closed","template":"","meta":{"_exactmetrics_skip_tracking":false,"_exactmetrics_sitenote_active":false,"_exactmetrics_sitenote_note":"","_exactmetrics_sitenote_category":0,"footnotes":""},"class_list":["post-304","page","type-page","status-publish","hentry"],"jetpack_sharing_enabled":true,"_links":{"self":[{"href":"https:\/\/mielleriecollectivedesbauges.com\/index.php\/wp-json\/wp\/v2\/pages\/304","targetHints":{"allow":["GET"]}}],"collection":[{"href":"https:\/\/mielleriecollectivedesbauges.com\/index.php\/wp-json\/wp\/v2\/pages"}],"about":[{"href":"https:\/\/mielleriecollectivedesbauges.com\/index.php\/wp-json\/wp\/v2\/types\/page"}],"author":[{"embeddable":true,"href":"https:\/\/mielleriecollectivedesbauges.com\/index.php\/wp-json\/wp\/v2\/users\/1"}],"replies":[{"embeddable":true,"href":"https:\/\/mielleriecollectivedesbauges.com\/index.php\/wp-json\/wp\/v2\/comments?post=304"}],"version-history":[{"count":11,"href":"https:\/\/mielleriecollectivedesbauges.com\/index.php\/wp-json\/wp\/v2\/pages\/304\/revisions"}],"predecessor-version":[{"id":1943,"href":"https:\/\/mielleriecollectivedesbauges.com\/index.php\/wp-json\/wp\/v2\/pages\/304\/revisions\/1943"}],"wp:attachment":[{"href":"https:\/\/mielleriecollectivedesbauges.com\/index.php\/wp-json\/wp\/v2\/media?parent=304"}],"curies":[{"name":"wp","href":"https:\/\/api.w.org\/{rel}","templated":true}]}}