{"id":23,"date":"2017-10-02T16:32:10","date_gmt":"2017-10-02T14:32:10","guid":{"rendered":"http:\/\/mielleriecollectivedesbauges.com\/?page_id=23"},"modified":"2022-09-13T20:08:18","modified_gmt":"2022-09-13T18:08:18","slug":"fonctionnement","status":"publish","type":"page","link":"https:\/\/mielleriecollectivedesbauges.com\/index.php\/fonctionnement\/","title":{"rendered":"Fonctionnement"},"content":{"rendered":"<p><a href=\"https:\/\/mielleriecollectivedesbauges.com\/index.php\/fonctionnement\/extracteur-miel\/\" rel=\"attachment wp-att-358\"><img fetchpriority=\"high\" decoding=\"async\" class=\"wp-image-358 aligncenter\" src=\"https:\/\/mielleriecollectivedesbauges.com\/wp-content\/uploads\/2017\/10\/extracteur-miel.jpg\" alt=\"\" width=\"344\" height=\"184\" srcset=\"https:\/\/mielleriecollectivedesbauges.com\/wp-content\/uploads\/2017\/10\/extracteur-miel.jpg 778w, https:\/\/mielleriecollectivedesbauges.com\/wp-content\/uploads\/2017\/10\/extracteur-miel-300x161.jpg 300w, https:\/\/mielleriecollectivedesbauges.com\/wp-content\/uploads\/2017\/10\/extracteur-miel-768x412.jpg 768w\" sizes=\"(max-width: 344px) 100vw, 344px\" \/><\/a><\/p>\n<p>La Miellerie collective de Saint-Eustache a pour but de mutualiser le mat\u00e9riel dont les apiculteurs ont besoin pour extraire au mieux leur production et ainsi leur \u00e9viter d&rsquo;acheter un mat\u00e9riel professionnel parfois tr\u00e8s co\u00fbteux.<\/p>\n<p><strong>Nous vous pr\u00e9sentons ici les diff\u00e9rentes machines que vous pourrez utilisez en adh\u00e9rant \u00e0 notre association :<\/strong><\/p>\n<ul>\n<li>Deux d\u00e9soperculateurs m\u00e9caniques (moyen et grand) ainsi qu&rsquo;un bac de d\u00e9soperculation<\/li>\n<\/ul>\n\n\t\t<style type=\"text\/css\">\n\t\t\t#gallery-1 {\n\t\t\t\tmargin: auto;\n\t\t\t}\n\t\t\t#gallery-1 .gallery-item {\n\t\t\t\tfloat: left;\n\t\t\t\tmargin-top: 10px;\n\t\t\t\ttext-align: center;\n\t\t\t\twidth: 50%;\n\t\t\t}\n\t\t\t#gallery-1 img {\n\t\t\t\tborder: 2px solid #cfcfcf;\n\t\t\t}\n\t\t\t#gallery-1 .gallery-caption {\n\t\t\t\tmargin-left: 0;\n\t\t\t}\n\t\t\t\/* see gallery_shortcode() in wp-includes\/media.php *\/\n\t\t<\/style>\n\t\t<div id='gallery-1' class='gallery galleryid-23 gallery-columns-2 gallery-size-medium'><dl class='gallery-item'>\n\t\t\t<dt class='gallery-icon landscape'>\n\t\t\t\t<a href='https:\/\/mielleriecollectivedesbauges.com\/index.php\/fonctionnement\/dsc_0007\/'><img decoding=\"async\" width=\"300\" height=\"199\" src=\"https:\/\/mielleriecollectivedesbauges.com\/wp-content\/uploads\/2017\/10\/DSC_0007-300x199.jpg\" class=\"attachment-medium size-medium\" alt=\"\" srcset=\"https:\/\/mielleriecollectivedesbauges.com\/wp-content\/uploads\/2017\/10\/DSC_0007-300x199.jpg 300w, https:\/\/mielleriecollectivedesbauges.com\/wp-content\/uploads\/2017\/10\/DSC_0007-768x509.jpg 768w, https:\/\/mielleriecollectivedesbauges.com\/wp-content\/uploads\/2017\/10\/DSC_0007-1024x678.jpg 1024w, https:\/\/mielleriecollectivedesbauges.com\/wp-content\/uploads\/2017\/10\/DSC_0007-960x640.jpg 960w, https:\/\/mielleriecollectivedesbauges.com\/wp-content\/uploads\/2017\/10\/DSC_0007-453x300.jpg 453w\" sizes=\"(max-width: 300px) 100vw, 300px\" \/><\/a>\n\t\t\t<\/dt><\/dl><dl class='gallery-item'>\n\t\t\t<dt class='gallery-icon landscape'>\n\t\t\t\t<a href='https:\/\/mielleriecollectivedesbauges.com\/index.php\/fonctionnement\/attachment\/3\/'><img decoding=\"async\" width=\"300\" height=\"201\" src=\"https:\/\/mielleriecollectivedesbauges.com\/wp-content\/uploads\/2017\/10\/3-300x201.jpg\" class=\"attachment-medium size-medium\" alt=\"\" srcset=\"https:\/\/mielleriecollectivedesbauges.com\/wp-content\/uploads\/2017\/10\/3-300x201.jpg 300w, https:\/\/mielleriecollectivedesbauges.com\/wp-content\/uploads\/2017\/10\/3-449x300.jpg 449w, https:\/\/mielleriecollectivedesbauges.com\/wp-content\/uploads\/2017\/10\/3.jpg 600w\" sizes=\"(max-width: 300px) 100vw, 300px\" \/><\/a>\n\t\t\t<\/dt><\/dl><br style=\"clear: both\" \/><dl class='gallery-item'>\n\t\t\t<dt class='gallery-icon portrait'>\n\t\t\t\t<a href='https:\/\/mielleriecollectivedesbauges.com\/index.php\/fonctionnement\/desoperculation-manuelle\/'><img loading=\"lazy\" decoding=\"async\" width=\"236\" height=\"300\" src=\"https:\/\/mielleriecollectivedesbauges.com\/wp-content\/uploads\/2017\/10\/desoperculation-manuelle-236x300.jpg\" class=\"attachment-medium size-medium\" alt=\"\" srcset=\"https:\/\/mielleriecollectivedesbauges.com\/wp-content\/uploads\/2017\/10\/desoperculation-manuelle-236x300.jpg 236w, https:\/\/mielleriecollectivedesbauges.com\/wp-content\/uploads\/2017\/10\/desoperculation-manuelle.jpg 478w\" sizes=\"(max-width: 236px) 100vw, 236px\" \/><\/a>\n\t\t\t<\/dt><\/dl><dl class='gallery-item'>\n\t\t\t<dt class='gallery-icon portrait'>\n\t\t\t\t<a href='https:\/\/mielleriecollectivedesbauges.com\/index.php\/fonctionnement\/desoperculation-manuelle-2\/'><img loading=\"lazy\" decoding=\"async\" width=\"225\" height=\"300\" src=\"https:\/\/mielleriecollectivedesbauges.com\/wp-content\/uploads\/2017\/10\/desoperculation-manuelle-2-225x300.jpg\" class=\"attachment-medium size-medium\" alt=\"\" srcset=\"https:\/\/mielleriecollectivedesbauges.com\/wp-content\/uploads\/2017\/10\/desoperculation-manuelle-2-225x300.jpg 225w, https:\/\/mielleriecollectivedesbauges.com\/wp-content\/uploads\/2017\/10\/desoperculation-manuelle-2.jpg 384w\" sizes=\"(max-width: 225px) 100vw, 225px\" \/><\/a>\n\t\t\t<\/dt><\/dl><br style=\"clear: both\" \/>\n\t\t<\/div>\n\n<ul>\n<li>Deux extracteurs (24 cadres) centrifuges et inclinables pour le nettoyage<\/li>\n<\/ul>\n\n\t\t<style type=\"text\/css\">\n\t\t\t#gallery-2 {\n\t\t\t\tmargin: auto;\n\t\t\t}\n\t\t\t#gallery-2 .gallery-item {\n\t\t\t\tfloat: left;\n\t\t\t\tmargin-top: 10px;\n\t\t\t\ttext-align: center;\n\t\t\t\twidth: 50%;\n\t\t\t}\n\t\t\t#gallery-2 img {\n\t\t\t\tborder: 2px solid #cfcfcf;\n\t\t\t}\n\t\t\t#gallery-2 .gallery-caption {\n\t\t\t\tmargin-left: 0;\n\t\t\t}\n\t\t\t\/* see gallery_shortcode() in wp-includes\/media.php *\/\n\t\t<\/style>\n\t\t<div id='gallery-2' class='gallery galleryid-23 gallery-columns-2 gallery-size-medium'><dl class='gallery-item'>\n\t\t\t<dt class='gallery-icon portrait'>\n\t\t\t\t<a href='https:\/\/mielleriecollectivedesbauges.com\/index.php\/fonctionnement\/attachment\/8\/'><img loading=\"lazy\" decoding=\"async\" width=\"225\" height=\"300\" src=\"https:\/\/mielleriecollectivedesbauges.com\/wp-content\/uploads\/2017\/10\/8-225x300.jpg\" class=\"attachment-medium size-medium\" alt=\"\" srcset=\"https:\/\/mielleriecollectivedesbauges.com\/wp-content\/uploads\/2017\/10\/8-225x300.jpg 225w, https:\/\/mielleriecollectivedesbauges.com\/wp-content\/uploads\/2017\/10\/8-768x1024.jpg 768w, https:\/\/mielleriecollectivedesbauges.com\/wp-content\/uploads\/2017\/10\/8-630x840.jpg 630w, https:\/\/mielleriecollectivedesbauges.com\/wp-content\/uploads\/2017\/10\/8-960x1280.jpg 960w, https:\/\/mielleriecollectivedesbauges.com\/wp-content\/uploads\/2017\/10\/8.jpg 1200w\" sizes=\"(max-width: 225px) 100vw, 225px\" \/><\/a>\n\t\t\t<\/dt><\/dl><dl class='gallery-item'>\n\t\t\t<dt class='gallery-icon portrait'>\n\t\t\t\t<a href='https:\/\/mielleriecollectivedesbauges.com\/index.php\/fonctionnement\/extracteur\/'><img loading=\"lazy\" decoding=\"async\" width=\"272\" height=\"300\" src=\"https:\/\/mielleriecollectivedesbauges.com\/wp-content\/uploads\/2017\/10\/extracteur-272x300.jpg\" class=\"attachment-medium size-medium\" alt=\"\" srcset=\"https:\/\/mielleriecollectivedesbauges.com\/wp-content\/uploads\/2017\/10\/extracteur-272x300.jpg 272w, https:\/\/mielleriecollectivedesbauges.com\/wp-content\/uploads\/2017\/10\/extracteur.jpg 473w\" sizes=\"(max-width: 272px) 100vw, 272px\" \/><\/a>\n\t\t\t<\/dt><\/dl><br style=\"clear: both\" \/>\n\t\t<\/div>\n\n<ul>\n<li>Des maturateurs de 100kg et 200kg<\/li>\n<\/ul>\n<p><a href=\"https:\/\/mielleriecollectivedesbauges.com\/index.php\/fonctionnement\/dsc_0009\/\" rel=\"attachment wp-att-521\"><img loading=\"lazy\" decoding=\"async\" class=\"wp-image-521 aligncenter\" src=\"https:\/\/mielleriecollectivedesbauges.com\/wp-content\/uploads\/2017\/10\/DSC_0009.jpg\" alt=\"\" width=\"460\" height=\"305\" srcset=\"https:\/\/mielleriecollectivedesbauges.com\/wp-content\/uploads\/2017\/10\/DSC_0009.jpg 4928w, https:\/\/mielleriecollectivedesbauges.com\/wp-content\/uploads\/2017\/10\/DSC_0009-300x199.jpg 300w, https:\/\/mielleriecollectivedesbauges.com\/wp-content\/uploads\/2017\/10\/DSC_0009-768x509.jpg 768w, https:\/\/mielleriecollectivedesbauges.com\/wp-content\/uploads\/2017\/10\/DSC_0009-1024x678.jpg 1024w, https:\/\/mielleriecollectivedesbauges.com\/wp-content\/uploads\/2017\/10\/DSC_0009-453x300.jpg 453w\" sizes=\"(max-width: 460px) 100vw, 460px\" \/><\/a><\/p>\n<ul>\n<li>Des rayonnages pour ranger les m\u00e2turateurs<\/li>\n<\/ul>\n<p><a href=\"https:\/\/mielleriecollectivedesbauges.com\/index.php\/2018\/01\/29\/nouveaute-a-la-miellerie\/rayonnage-2\/\" rel=\"attachment wp-att-638\"><img loading=\"lazy\" decoding=\"async\" class=\"wp-image-638 aligncenter\" src=\"https:\/\/mielleriecollectivedesbauges.com\/wp-content\/uploads\/2018\/01\/rayonnage-2.jpg\" alt=\"\" width=\"523\" height=\"391\" srcset=\"https:\/\/mielleriecollectivedesbauges.com\/wp-content\/uploads\/2018\/01\/rayonnage-2.jpg 2016w, https:\/\/mielleriecollectivedesbauges.com\/wp-content\/uploads\/2018\/01\/rayonnage-2-300x225.jpg 300w, https:\/\/mielleriecollectivedesbauges.com\/wp-content\/uploads\/2018\/01\/rayonnage-2-768x576.jpg 768w, https:\/\/mielleriecollectivedesbauges.com\/wp-content\/uploads\/2018\/01\/rayonnage-2-1024x768.jpg 1024w, https:\/\/mielleriecollectivedesbauges.com\/wp-content\/uploads\/2018\/01\/rayonnage-2-400x300.jpg 400w\" sizes=\"(max-width: 523px) 100vw, 523px\" \/><\/a><\/p>\n<ul>\n<li>Des filtres, seaux et accessoires<\/li>\n<\/ul>\n<p><a href=\"https:\/\/mielleriecollectivedesbauges.com\/index.php\/fonctionnement\/filtre\/\" rel=\"attachment wp-att-525\"><img loading=\"lazy\" decoding=\"async\" class=\"aligncenter wp-image-525 size-medium\" src=\"https:\/\/mielleriecollectivedesbauges.com\/wp-content\/uploads\/2017\/10\/filtre-220x300.jpg\" alt=\"\" width=\"220\" height=\"300\" srcset=\"https:\/\/mielleriecollectivedesbauges.com\/wp-content\/uploads\/2017\/10\/filtre-220x300.jpg 220w, https:\/\/mielleriecollectivedesbauges.com\/wp-content\/uploads\/2017\/10\/filtre.jpg 393w\" sizes=\"(max-width: 220px) 100vw, 220px\" \/><\/a><\/p>\n<ul>\n<li>Un grand \u00e9vier et des tables en inox pour un nettoyage optimal<\/li>\n<\/ul>\n\n\t\t<style type=\"text\/css\">\n\t\t\t#gallery-3 {\n\t\t\t\tmargin: auto;\n\t\t\t}\n\t\t\t#gallery-3 .gallery-item {\n\t\t\t\tfloat: left;\n\t\t\t\tmargin-top: 10px;\n\t\t\t\ttext-align: center;\n\t\t\t\twidth: 100%;\n\t\t\t}\n\t\t\t#gallery-3 img {\n\t\t\t\tborder: 2px solid #cfcfcf;\n\t\t\t}\n\t\t\t#gallery-3 .gallery-caption {\n\t\t\t\tmargin-left: 0;\n\t\t\t}\n\t\t\t\/* see gallery_shortcode() in wp-includes\/media.php *\/\n\t\t<\/style>\n\t\t<div id='gallery-3' class='gallery galleryid-23 gallery-columns-1 gallery-size-full'><dl class='gallery-item'>\n\t\t\t<dt class='gallery-icon landscape'>\n\t\t\t\t<a href='https:\/\/mielleriecollectivedesbauges.com\/index.php\/fonctionnement\/refractometre-2\/'><img loading=\"lazy\" decoding=\"async\" width=\"554\" height=\"415\" src=\"https:\/\/mielleriecollectivedesbauges.com\/wp-content\/uploads\/2017\/10\/R\u00e9fractom\u00e8tre-2.jpg\" class=\"attachment-full size-full\" alt=\"\" srcset=\"https:\/\/mielleriecollectivedesbauges.com\/wp-content\/uploads\/2017\/10\/R\u00e9fractom\u00e8tre-2.jpg 554w, https:\/\/mielleriecollectivedesbauges.com\/wp-content\/uploads\/2017\/10\/R\u00e9fractom\u00e8tre-2-300x225.jpg 300w, https:\/\/mielleriecollectivedesbauges.com\/wp-content\/uploads\/2017\/10\/R\u00e9fractom\u00e8tre-2-400x300.jpg 400w\" sizes=\"(max-width: 554px) 100vw, 554px\" \/><\/a>\n\t\t\t<\/dt><\/dl><br style=\"clear: both\" \/>\n\t\t<\/div>\n\n<ul>\n<li>Une centrifugeuse pour ne rien perdre et conserver un extrait sec de cire<\/li>\n<\/ul>\n\n\t\t<style type=\"text\/css\">\n\t\t\t#gallery-4 {\n\t\t\t\tmargin: auto;\n\t\t\t}\n\t\t\t#gallery-4 .gallery-item {\n\t\t\t\tfloat: left;\n\t\t\t\tmargin-top: 10px;\n\t\t\t\ttext-align: center;\n\t\t\t\twidth: 50%;\n\t\t\t}\n\t\t\t#gallery-4 img {\n\t\t\t\tborder: 2px solid #cfcfcf;\n\t\t\t}\n\t\t\t#gallery-4 .gallery-caption {\n\t\t\t\tmargin-left: 0;\n\t\t\t}\n\t\t\t\/* see gallery_shortcode() in wp-includes\/media.php *\/\n\t\t<\/style>\n\t\t<div id='gallery-4' class='gallery galleryid-23 gallery-columns-2 gallery-size-medium'><dl class='gallery-item'>\n\t\t\t<dt class='gallery-icon portrait'>\n\t\t\t\t<a href='https:\/\/mielleriecollectivedesbauges.com\/index.php\/fonctionnement\/centrifugeuse\/'><img loading=\"lazy\" decoding=\"async\" width=\"225\" height=\"300\" src=\"https:\/\/mielleriecollectivedesbauges.com\/wp-content\/uploads\/2017\/10\/centrifugeuse-225x300.jpg\" class=\"attachment-medium size-medium\" alt=\"\" srcset=\"https:\/\/mielleriecollectivedesbauges.com\/wp-content\/uploads\/2017\/10\/centrifugeuse-225x300.jpg 225w, https:\/\/mielleriecollectivedesbauges.com\/wp-content\/uploads\/2017\/10\/centrifugeuse.jpg 345w\" sizes=\"(max-width: 225px) 100vw, 225px\" \/><\/a>\n\t\t\t<\/dt><\/dl><dl class='gallery-item'>\n\t\t\t<dt class='gallery-icon portrait'>\n\t\t\t\t<a href='https:\/\/mielleriecollectivedesbauges.com\/index.php\/fonctionnement\/centrifugeuse-1\/'><img loading=\"lazy\" decoding=\"async\" width=\"225\" height=\"300\" src=\"https:\/\/mielleriecollectivedesbauges.com\/wp-content\/uploads\/2017\/10\/centrifugeuse-1-225x300.jpg\" class=\"attachment-medium size-medium\" alt=\"\" srcset=\"https:\/\/mielleriecollectivedesbauges.com\/wp-content\/uploads\/2017\/10\/centrifugeuse-1-225x300.jpg 225w, https:\/\/mielleriecollectivedesbauges.com\/wp-content\/uploads\/2017\/10\/centrifugeuse-1.jpg 346w\" sizes=\"(max-width: 225px) 100vw, 225px\" \/><\/a>\n\t\t\t<\/dt><\/dl><br style=\"clear: both\" \/>\n\t\t<\/div>\n\n<ul>\n<li>Un r\u00e9fractom\u00e8tre pour mesurer le degr\u00e9 d&rsquo;humidit\u00e9 du miel<\/li>\n<\/ul>\n\n\t\t<style type=\"text\/css\">\n\t\t\t#gallery-5 {\n\t\t\t\tmargin: auto;\n\t\t\t}\n\t\t\t#gallery-5 .gallery-item {\n\t\t\t\tfloat: left;\n\t\t\t\tmargin-top: 10px;\n\t\t\t\ttext-align: center;\n\t\t\t\twidth: 50%;\n\t\t\t}\n\t\t\t#gallery-5 img {\n\t\t\t\tborder: 2px solid #cfcfcf;\n\t\t\t}\n\t\t\t#gallery-5 .gallery-caption {\n\t\t\t\tmargin-left: 0;\n\t\t\t}\n\t\t\t\/* see gallery_shortcode() in wp-includes\/media.php *\/\n\t\t<\/style>\n\t\t<div id='gallery-5' class='gallery galleryid-23 gallery-columns-2 gallery-size-medium'><dl class='gallery-item'>\n\t\t\t<dt class='gallery-icon landscape'>\n\t\t\t\t<a href='https:\/\/mielleriecollectivedesbauges.com\/index.php\/fonctionnement\/refractometre-3\/'><img loading=\"lazy\" decoding=\"async\" width=\"279\" height=\"176\" src=\"https:\/\/mielleriecollectivedesbauges.com\/wp-content\/uploads\/2017\/10\/R\u00e9fractom\u00e8tre-3.jpg\" class=\"attachment-medium size-medium\" alt=\"\" \/><\/a>\n\t\t\t<\/dt><\/dl><dl class='gallery-item'>\n\t\t\t<dt class='gallery-icon portrait'>\n\t\t\t\t<a href='https:\/\/mielleriecollectivedesbauges.com\/index.php\/fonctionnement\/refractometre\/'><img loading=\"lazy\" decoding=\"async\" width=\"244\" height=\"300\" src=\"https:\/\/mielleriecollectivedesbauges.com\/wp-content\/uploads\/2017\/10\/R\u00e9fractom\u00e8tre-244x300.jpg\" class=\"attachment-medium size-medium\" alt=\"\" srcset=\"https:\/\/mielleriecollectivedesbauges.com\/wp-content\/uploads\/2017\/10\/R\u00e9fractom\u00e8tre-244x300.jpg 244w, https:\/\/mielleriecollectivedesbauges.com\/wp-content\/uploads\/2017\/10\/R\u00e9fractom\u00e8tre.jpg 340w\" sizes=\"(max-width: 244px) 100vw, 244px\" \/><\/a>\n\t\t\t<\/dt><\/dl><br style=\"clear: both\" \/>\n\t\t<\/div>\n\n<ul>\n<li>Un \u00e9tiqueteuse automatique<\/li>\n<\/ul>\n\n\t\t<style type=\"text\/css\">\n\t\t\t#gallery-6 {\n\t\t\t\tmargin: auto;\n\t\t\t}\n\t\t\t#gallery-6 .gallery-item {\n\t\t\t\tfloat: left;\n\t\t\t\tmargin-top: 10px;\n\t\t\t\ttext-align: center;\n\t\t\t\twidth: 33%;\n\t\t\t}\n\t\t\t#gallery-6 img {\n\t\t\t\tborder: 2px solid #cfcfcf;\n\t\t\t}\n\t\t\t#gallery-6 .gallery-caption {\n\t\t\t\tmargin-left: 0;\n\t\t\t}\n\t\t\t\/* see gallery_shortcode() in wp-includes\/media.php *\/\n\t\t<\/style>\n\t\t<div id='gallery-6' class='gallery galleryid-23 gallery-columns-3 gallery-size-thumbnail'><dl class='gallery-item'>\n\t\t\t<dt class='gallery-icon portrait'>\n\t\t\t\t<a href='https:\/\/mielleriecollectivedesbauges.com\/index.php\/fonctionnement\/etiqueteuse\/'><img loading=\"lazy\" decoding=\"async\" width=\"300\" height=\"300\" src=\"https:\/\/mielleriecollectivedesbauges.com\/wp-content\/uploads\/2018\/01\/Etiqueteuse-e1516027775527-300x300.jpg\" class=\"attachment-thumbnail size-thumbnail\" alt=\"\" \/><\/a>\n\t\t\t<\/dt><\/dl><dl class='gallery-item'>\n\t\t\t<dt class='gallery-icon landscape'>\n\t\t\t\t<a href='https:\/\/mielleriecollectivedesbauges.com\/index.php\/fonctionnement\/etiqueteuse-2\/'><img loading=\"lazy\" decoding=\"async\" width=\"300\" height=\"300\" src=\"https:\/\/mielleriecollectivedesbauges.com\/wp-content\/uploads\/2018\/01\/Etiqueteuse-2-300x300.jpg\" class=\"attachment-thumbnail size-thumbnail\" alt=\"\" \/><\/a>\n\t\t\t<\/dt><\/dl>\n\t\t\t<br style='clear: both' \/>\n\t\t<\/div>\n\n<div class=\"wp-playlist wp-video-playlist wp-playlist-light\">\n\t\t<video controls=\"controls\" preload=\"none\" width=\"640\"\n\t\t height=\"361\"\t><\/video>\n\t<div class=\"wp-playlist-next\"><\/div>\n\t<div class=\"wp-playlist-prev\"><\/div>\n\t<noscript>\n\t<ol>\n\t\t<li><a href='https:\/\/mielleriecollectivedesbauges.com\/wp-content\/uploads\/2018\/01\/seance-\u00e9tiquettes-\u00e0-la-miellerie.mp4'>S\u00e9ance d'\u00e9tiquetage \u00e0 la miellerie<\/a><\/li>\t<\/ol>\n\t<\/noscript>\n\t<script type=\"application\/json\" class=\"wp-playlist-script\">{\"type\":\"video\",\"tracklist\":true,\"tracknumbers\":true,\"images\":true,\"artists\":true,\"tracks\":[{\"src\":\"https:\/\/mielleriecollectivedesbauges.com\/wp-content\/uploads\/2018\/01\/seance-\\u00e9tiquettes-\\u00e0-la-miellerie.mp4\",\"type\":\"video\/mp4\",\"title\":\"S\\u00e9ance d'\\u00e9tiquetage \\u00e0 la miellerie\",\"caption\":\"\",\"description\":\"\",\"meta\":{\"length_formatted\":\"0:21\"},\"dimensions\":{\"original\":{\"width\":568,\"height\":320},\"resized\":{\"width\":640,\"height\":361}},\"image\":{\"src\":\"https:\/\/mielleriecollectivedesbauges.com\/wp-includes\/images\/media\/video.svg\",\"width\":48,\"height\":64},\"thumb\":{\"src\":\"https:\/\/mielleriecollectivedesbauges.com\/wp-includes\/images\/media\/video.svg\",\"width\":48,\"height\":64}}]}<\/script>\n<\/div>\n\t\n<p><strong>Plan de la miellerie :<\/strong><\/p>\n<p><img loading=\"lazy\" decoding=\"async\" class=\"alignnone wp-image-237\" src=\"https:\/\/mielleriecollectivedesbauges.com\/wp-content\/uploads\/2017\/10\/Image-2.jpg\" alt=\"\" width=\"810\" height=\"589\" srcset=\"https:\/\/mielleriecollectivedesbauges.com\/wp-content\/uploads\/2017\/10\/Image-2.jpg 624w, https:\/\/mielleriecollectivedesbauges.com\/wp-content\/uploads\/2017\/10\/Image-2-300x218.jpg 300w\" sizes=\"(max-width: 810px) 100vw, 810px\" \/><\/p>\n<p>Pour venir profiter de tout ce mat\u00e9riel, n&rsquo;h\u00e9sitez pas, venez adh\u00e9rer \u00e0 la miellerie en vous rendant sur la page <a href=\"https:\/\/mielleriecollectivedesbauges.com\/index.php\/formulaire-dinscription\/\">\u00ab\u00a0Formulaire d&rsquo;inscription\u00a0\u00bb<\/a>. A bient\u00f4t !<\/p>\n","protected":false},"excerpt":{"rendered":"<p>La Miellerie collective de Saint-Eustache a pour but de mutualiser le mat\u00e9riel dont les apiculteurs ont besoin pour extraire au mieux leur production et ainsi leur \u00e9viter d&rsquo;acheter un mat\u00e9riel professionnel parfois tr\u00e8s co\u00fbteux. Nous vous pr\u00e9sentons ici les diff\u00e9rentes machines que vous pourrez utilisez en adh\u00e9rant \u00e0 notre association : Deux d\u00e9soperculateurs m\u00e9caniques (moyen [&hellip;]<\/p>\n","protected":false},"author":1,"featured_media":497,"parent":0,"menu_order":0,"comment_status":"closed","ping_status":"closed","template":"","meta":{"_exactmetrics_skip_tracking":false,"_exactmetrics_sitenote_active":false,"_exactmetrics_sitenote_note":"","_exactmetrics_sitenote_category":0,"footnotes":""},"class_list":["post-23","page","type-page","status-publish","has-post-thumbnail","hentry"],"jetpack_sharing_enabled":true,"_links":{"self":[{"href":"https:\/\/mielleriecollectivedesbauges.com\/index.php\/wp-json\/wp\/v2\/pages\/23","targetHints":{"allow":["GET"]}}],"collection":[{"href":"https:\/\/mielleriecollectivedesbauges.com\/index.php\/wp-json\/wp\/v2\/pages"}],"about":[{"href":"https:\/\/mielleriecollectivedesbauges.com\/index.php\/wp-json\/wp\/v2\/types\/page"}],"author":[{"embeddable":true,"href":"https:\/\/mielleriecollectivedesbauges.com\/index.php\/wp-json\/wp\/v2\/users\/1"}],"replies":[{"embeddable":true,"href":"https:\/\/mielleriecollectivedesbauges.com\/index.php\/wp-json\/wp\/v2\/comments?post=23"}],"version-history":[{"count":23,"href":"https:\/\/mielleriecollectivedesbauges.com\/index.php\/wp-json\/wp\/v2\/pages\/23\/revisions"}],"predecessor-version":[{"id":1078,"href":"https:\/\/mielleriecollectivedesbauges.com\/index.php\/wp-json\/wp\/v2\/pages\/23\/revisions\/1078"}],"wp:featuredmedia":[{"embeddable":true,"href":"https:\/\/mielleriecollectivedesbauges.com\/index.php\/wp-json\/wp\/v2\/media\/497"}],"wp:attachment":[{"href":"https:\/\/mielleriecollectivedesbauges.com\/index.php\/wp-json\/wp\/v2\/media?parent=23"}],"curies":[{"name":"wp","href":"https:\/\/api.w.org\/{rel}","templated":true}]}}