{"id":216,"date":"2017-10-09T12:19:39","date_gmt":"2017-10-09T10:19:39","guid":{"rendered":"http:\/\/mielleriecollectivedesbauges.com\/?page_id=216"},"modified":"2026-01-23T10:26:09","modified_gmt":"2026-01-23T09:26:09","slug":"ressources","status":"publish","type":"page","link":"https:\/\/mielleriecollectivedesbauges.com\/index.php\/ressources\/","title":{"rendered":"Venez d\u00e9couvrir\u00a0un\u00a0stage de nougat"},"content":{"rendered":"<h1 style=\"text-align: center;\">Venez d\u00e9couvrir\u00a0<em>ou offrez<\/em>\u00a0un\u00a0stage de nougat\u00a0<\/h1>\t\t\n\t\t\t\t\t\t\t\t\t\t\t\t\t\t\t<img fetchpriority=\"high\" decoding=\"async\" width=\"300\" height=\"225\" src=\"https:\/\/mielleriecollectivedesbauges.com\/wp-content\/uploads\/2023\/05\/nougat-1206707_1280-300x225.jpg\" alt=\"\" srcset=\"https:\/\/mielleriecollectivedesbauges.com\/wp-content\/uploads\/2023\/05\/nougat-1206707_1280-300x225.jpg 300w, https:\/\/mielleriecollectivedesbauges.com\/wp-content\/uploads\/2023\/05\/nougat-1206707_1280-1024x769.jpg 1024w, https:\/\/mielleriecollectivedesbauges.com\/wp-content\/uploads\/2023\/05\/nougat-1206707_1280-768x577.jpg 768w, https:\/\/mielleriecollectivedesbauges.com\/wp-content\/uploads\/2023\/05\/nougat-1206707_1280.jpg 1280w\" sizes=\"(max-width: 300px) 100vw, 300px\" \/>\t\t\t\t\t\t\t\t\t\t\t\t\t\t\t\n\t\t<h5>Formulaire de pr\u00e9-inscription \u00e0 notre journ\u00e9e de fabrication de nougat \u00e0 la miellerie collective des Bauges de Saint-Eustache.<\/h5><h5>Nous reviendrons\u00a0rapidement\u00a0vers vous afin de vous informer de la date retenue pour cette journ\u00e9e.\u00a0A tr\u00e8s bient\u00f4t !<\/h5><div class=\"wpforms-container wpforms-container-full\" id=\"wpforms-623\"><form id=\"wpforms-form-623\" class=\"wpforms-validate wpforms-form\" data-formid=\"623\" method=\"post\" enctype=\"multipart\/form-data\" action=\"\/index.php\/wp-json\/wp\/v2\/pages\/216\" data-token=\"32b9f7ad11de3c2bbc25340d61dc963f\" data-token-time=\"1776370038\"><noscript class=\"wpforms-error-noscript\">Veuillez activer JavaScript dans votre navigateur pour remplir ce formulaire.<\/noscript><div class=\"wpforms-field-container\"><div id=\"wpforms-623-field_2-container\" class=\"wpforms-field wpforms-field-name\" data-field-id=\"2\"><label class=\"wpforms-field-label\" for=\"wpforms-623-field_2\">Nom et pr\u00e9nom <span class=\"wpforms-required-label\">*<\/span><\/label><input type=\"text\" id=\"wpforms-623-field_2\" class=\"wpforms-field-medium wpforms-field-required\" name=\"wpforms[fields][2]\" required><\/div><div id=\"wpforms-623-field_3-container\" class=\"wpforms-field wpforms-field-email\" data-field-id=\"3\"><label class=\"wpforms-field-label\" for=\"wpforms-623-field_3\">Adresse de contact <span class=\"wpforms-required-label\">*<\/span><\/label><input type=\"email\" id=\"wpforms-623-field_3\" class=\"wpforms-field-medium wpforms-field-required\" name=\"wpforms[fields][3]\" spellcheck=\"false\" required><\/div><div id=\"wpforms-623-field_4-container\" class=\"wpforms-field wpforms-field-number\" data-field-id=\"4\"><label class=\"wpforms-field-label\" for=\"wpforms-623-field_4\">Nombre de participants<\/label><input type=\"number\" id=\"wpforms-623-field_4\" class=\"wpforms-field-medium\" name=\"wpforms[fields][4]\" step=\"any\" ><\/div><\/div><!-- .wpforms-field-container --><div class=\"wpforms-field wpforms-field-hp\"><label for=\"wpforms-623-field-hp\" class=\"wpforms-field-label\">Phone<\/label><input type=\"text\" name=\"wpforms[hp]\" id=\"wpforms-623-field-hp\" class=\"wpforms-field-medium\"><\/div><div class=\"wpforms-recaptcha-container wpforms-is-hcaptcha\" ><div class=\"h-captcha\" data-sitekey=\"8ad27064-f0bc-43a8-9778-3d8057aea2a2\"><\/div><input type=\"text\" name=\"g-recaptcha-hidden\" class=\"wpforms-recaptcha-hidden\" style=\"position:absolute!important;clip:rect(0,0,0,0)!important;height:1px!important;width:1px!important;border:0!important;overflow:hidden!important;padding:0!important;margin:0!important;\" data-rule-hcaptcha=\"1\"><\/div><div class=\"wpforms-submit-container\" ><input type=\"hidden\" name=\"wpforms[id]\" value=\"623\"><input type=\"hidden\" name=\"page_title\" value=\"\"><input type=\"hidden\" name=\"page_url\" value=\"https:\/\/mielleriecollectivedesbauges.com\/index.php\/wp-json\/wp\/v2\/pages\/216\"><input type=\"hidden\" name=\"url_referer\" value=\"\"><button type=\"submit\" name=\"wpforms[submit]\" id=\"wpforms-submit-623\" class=\"wpforms-submit\" data-alt-text=\"Sending...\" data-submit-text=\"Envoyer\" aria-live=\"assertive\" value=\"wpforms-submit\">Envoyer<\/button><\/div><\/form><\/div>  <!-- .wpforms-container -->","protected":false},"excerpt":{"rendered":"<p>Venez d\u00e9couvrir\u00a0ou offrez\u00a0un\u00a0stage de nougat\u00a0 Formulaire de pr\u00e9-inscription \u00e0 notre journ\u00e9e de fabrication de nougat \u00e0 la miellerie collective des Bauges de Saint-Eustache.Nous reviendrons\u00a0rapidement\u00a0vers vous afin de vous informer de la date retenue pour cette journ\u00e9e.\u00a0A tr\u00e8s bient\u00f4t !<\/p>\n","protected":false},"author":1,"featured_media":0,"parent":0,"menu_order":0,"comment_status":"closed","ping_status":"closed","template":"page-templates\/full-width-page.php","meta":{"_exactmetrics_skip_tracking":false,"_exactmetrics_sitenote_active":false,"_exactmetrics_sitenote_note":"","_exactmetrics_sitenote_category":0,"footnotes":""},"class_list":["post-216","page","type-page","status-publish","hentry"],"jetpack_sharing_enabled":true,"_links":{"self":[{"href":"https:\/\/mielleriecollectivedesbauges.com\/index.php\/wp-json\/wp\/v2\/pages\/216","targetHints":{"allow":["GET"]}}],"collection":[{"href":"https:\/\/mielleriecollectivedesbauges.com\/index.php\/wp-json\/wp\/v2\/pages"}],"about":[{"href":"https:\/\/mielleriecollectivedesbauges.com\/index.php\/wp-json\/wp\/v2\/types\/page"}],"author":[{"embeddable":true,"href":"https:\/\/mielleriecollectivedesbauges.com\/index.php\/wp-json\/wp\/v2\/users\/1"}],"replies":[{"embeddable":true,"href":"https:\/\/mielleriecollectivedesbauges.com\/index.php\/wp-json\/wp\/v2\/comments?post=216"}],"version-history":[{"count":16,"href":"https:\/\/mielleriecollectivedesbauges.com\/index.php\/wp-json\/wp\/v2\/pages\/216\/revisions"}],"predecessor-version":[{"id":2214,"href":"https:\/\/mielleriecollectivedesbauges.com\/index.php\/wp-json\/wp\/v2\/pages\/216\/revisions\/2214"}],"wp:attachment":[{"href":"https:\/\/mielleriecollectivedesbauges.com\/index.php\/wp-json\/wp\/v2\/media?parent=216"}],"curies":[{"name":"wp","href":"https:\/\/api.w.org\/{rel}","templated":true}]}}