{"id":1104,"date":"2022-09-20T19:18:50","date_gmt":"2022-09-20T17:18:50","guid":{"rendered":"http:\/\/mielleriecollectivedesbauges.com\/index.php\/teluro\/"},"modified":"2026-01-11T18:02:39","modified_gmt":"2026-01-11T17:02:39","slug":"teluro","status":"publish","type":"page","link":"https:\/\/mielleriecollectivedesbauges.com\/","title":{"rendered":"Front Page"},"content":{"rendered":"<div data-colibri-id=\"1104-c1\" class=\"style-195 style-local-1104-c1 position-relative\">\n  <!---->\n  <div data-colibri-component=\"section\" data-colibri-id=\"1104-c2\" id=\"about\" class=\"h-section h-section-global-spacing d-flex align-items-lg-center align-items-md-center align-items-center style-207 style-local-1104-c2 position-relative\">\n    <!---->\n    <!---->\n    <div class=\"h-section-grid-container h-section-boxed-container\">\n      <!---->\n      <div data-colibri-id=\"1104-c3\" class=\"h-row-container gutters-row-lg-0 gutters-row-md-0 gutters-row-0 gutters-row-v-lg-0 gutters-row-v-md-0 gutters-row-v-0 style-208 style-local-1104-c3 position-relative\">\n        <!---->\n        <div class=\"h-row justify-content-lg-center justify-content-md-center justify-content-center align-items-lg-stretch align-items-md-stretch align-items-stretch gutters-col-lg-0 gutters-col-md-0 gutters-col-0 gutters-col-v-lg-0 gutters-col-v-md-0 gutters-col-v-0\">\n          <!---->\n          <div class=\"h-column h-column-container d-flex h-col-lg-auto h-col-md-auto h-col-auto style-209-outer style-local-1104-c4-outer\">\n            <div data-colibri-id=\"1104-c4\" class=\"d-flex h-flex-basis h-column__inner h-ui-empty-state-container h-px-lg-0 h-px-md-0 h-px-0 v-inner-lg-0 v-inner-md-0 v-inner-0 style-209 style-local-1104-c4 position-relative\">\n              <!---->\n              <!---->\n              <div class=\"w-100 h-y-container h-column__content h-column__v-align flex-basis-100\">\n                <!---->\n              <\/div>\n            <\/div>\n          <\/div>\n          <div class=\"h-column h-column-container d-flex h-col-lg-auto h-col-md-auto h-col-auto style-210-outer style-local-1104-c5-outer\">\n            <div data-colibri-id=\"1104-c5\" class=\"d-flex h-flex-basis h-column__inner h-px-lg-2 h-px-md-2 h-px-2 v-inner-lg-2 v-inner-md-2 v-inner-2 style-210 style-local-1104-c5 position-relative\">\n              <!---->\n              <!---->\n              <div class=\"w-100 h-y-container h-column__content h-column__v-align flex-basis-100 align-self-lg-start align-self-md-start align-self-start\">\n                <!---->\n                <div data-colibri-id=\"1104-c6\" class=\"h-global-transition-all h-heading style-212 style-local-1104-c6 position-relative h-element\">\n                  <!---->\n                  <div class=\"h-heading__outer style-212 style-local-1104-c6\">\n                    <!---->\n                    <!---->\n                    <h2 class=\"\">\u00ab L\u2019homme n\u2019\u00e9tait pas destin\u00e9 \u00e0 faire partie d\u2019un troupeau comme un animal domestique, mais d\u2019une ruche comme les abeilles \u00bb&nbsp; &nbsp; &nbsp; Kant<\/h2>\n                  <\/div>\n                <\/div>\n                <div data-colibri-id=\"1104-c7\" class=\"h-text h-text-component style-213 style-local-1104-c7 position-relative h-element\">\n                  <!---->\n                  <!---->\n                  <div class=\"\">\n                    <p>La miellerie collective a vu le jour en 2011 sur la commune de Saint-Eustache en Haute-Savoie.<\/p>\n                    <p>Cr\u00e9\u00e9e par des passionn\u00e9s d\u2019apiculture, cette miellerie propose un lieu unique rassemblant tout le mat\u00e9riel professionnel n\u00e9cessaire \u00e0 l\u2019extraction de miel et \u00e0 la mise en pots.<\/p>\n                    <p>Pour une cotisation de l\u2019ordre de 36\u20ac, vous pourrez b\u00e9n\u00e9ficier de tous nos \u00e9quipements et \u00e9changerez au sein de la communaut\u00e9 des 70 apiculteurs-adh\u00e9rents.<\/p>\n                    <p>Scolaire ou curieux ?<\/p>\n                    <p>Nous proposons des visites p\u00e9dagogiques de notre rucher \u00e9cole. N&rsquo;h\u00e9sitez pas \u00e0 nous contacter.<\/p>\n                    <p>\n                      <br>\n                    <\/p>\n                    <p>\n                      <br>\n                    <\/p>\n                  <\/div>\n                <\/div>\n              <\/div>\n            <\/div>\n          <\/div>\n        <\/div>\n      <\/div>\n    <\/div>\n  <\/div>\n  <div data-colibri-component=\"section\" data-colibri-id=\"1104-c8\" id=\"about-2\" class=\"h-section h-section-global-spacing d-flex align-items-lg-center align-items-md-center align-items-center style-393 style-local-1104-c8 position-relative\">\n    <!---->\n    <!---->\n    <div class=\"h-section-grid-container h-section-boxed-container\">\n      <!---->\n      <div data-colibri-id=\"1104-c9\" class=\"h-row-container gutters-row-lg-2 gutters-row-md-2 gutters-row-2 gutters-row-v-lg-2 gutters-row-v-md-2 gutters-row-v-2 style-394 style-local-1104-c9 position-relative\">\n        <!---->\n        <div class=\"h-row justify-content-lg-center justify-content-md-center justify-content-center align-items-lg-stretch align-items-md-stretch align-items-stretch gutters-col-lg-2 gutters-col-md-2 gutters-col-2 gutters-col-v-lg-2 gutters-col-v-md-2 gutters-col-v-2\">\n          <!---->\n          <div class=\"h-column h-column-container d-flex h-col-lg-auto h-col-md-auto h-col-auto style-395-outer style-local-1104-c10-outer\">\n            <div data-colibri-id=\"1104-c10\" class=\"d-flex h-flex-basis h-column__inner h-px-lg-2 h-px-md-2 h-px-2 v-inner-lg-2 v-inner-md-2 v-inner-2 style-395 style-local-1104-c10 position-relative\">\n              <!---->\n              <!---->\n              <div class=\"w-100 h-y-container h-column__content h-column__v-align flex-basis-100 align-self-lg-center align-self-md-center align-self-center\">\n                <!---->\n                <div data-colibri-id=\"1104-c11\" class=\"h-global-transition-all h-heading style-396 style-local-1104-c11 position-relative h-element\">\n                  <!---->\n                  <div class=\"h-heading__outer style-396 style-local-1104-c11\">\n                    <!---->\n                    <!---->\n                    <h5 class=\"\">EN IMMERSION DANS NOTRE MONDE ?<\/h5>\n                  <\/div>\n                <\/div>\n                <div data-colibri-id=\"1104-c12\" class=\"h-global-transition-all h-heading style-397 style-local-1104-c12 position-relative h-element\">\n                  <!---->\n                  <div class=\"h-heading__outer style-397 style-local-1104-c12\">\n                    <!---->\n                    <!---->\n                    <h2 class=\"\">Venez d\u00e9couvrir&nbsp;<em style=\"color: rgb(247, 144, 7); font-family: &quot;Playfair Display&quot;;\">ou offrez&nbsp;<\/em>un <em style=\"color: rgb(247, 144, 7); font-family: &quot;Playfair Display&quot;;\">stage de nougat<\/em>&nbsp;<\/h2>\n                  <\/div>\n                <\/div>\n                <div data-colibri-id=\"1104-c13\" class=\"h-x-container style-399 style-local-1104-c13 position-relative h-element\">\n                  <!---->\n                  <div class=\"h-x-container-inner style-dynamic-1104-c13-group style-399-spacing style-local-1104-c13-spacing\"><span class=\"h-button__outer style-400-outer style-local-1104-c14-outer d-inline-flex h-element\"><a h-use-smooth-scroll=\"true\" href=\"https:\/\/mielleriecollectivedesbauges.com\/index.php\/ressources\/\"  data-colibri-id=\"1104-c14\" class=\"d-flex w-100 align-items-center h-button justify-content-lg-center justify-content-md-center justify-content-center style-400 style-local-1104-c14 position-relative\"><!----><!----> <span>Envie d&rsquo;un stage de nougat ?<\/span><\/a>\n                    <\/span>\n                  <\/div>\n                <\/div>\n              <\/div>\n            <\/div>\n          <\/div>\n          <div class=\"h-column h-column-container d-flex h-col-lg-auto h-col-md-auto h-col-auto style-401-outer style-local-1104-c15-outer\">\n            <div data-colibri-id=\"1104-c15\" class=\"d-flex h-flex-basis h-column__inner h-px-lg-2 h-px-md-2 h-px-2 v-inner-lg-2 v-inner-md-2 v-inner-2 style-401 style-local-1104-c15 position-relative\">\n              <!---->\n              <!---->\n              <div class=\"w-100 h-y-container h-column__content h-column__v-align flex-basis-100 align-self-lg-center align-self-md-center align-self-center\">\n                <!---->\n                <div data-colibri-id=\"1104-c16\" class=\"d-block style-402 style-local-1104-c16 position-relative h-element\">\n                  <!---->\n                  <div class=\"h-image__frame-container-outer\">\n                    <div class=\"h-image__frame-container\">\n                      <!---->\n                      <!---->\n                      <img fetchpriority=\"high\" decoding=\"async\" width=\"1237\" height=\"961\" src=\"https:\/\/mielleriecollectivedesbauges.com\/wp-content\/uploads\/2023\/05\/cropped-nougat-1206707_1280.jpg\" class=\"wp-image-1618 style-402-image style-local-1104-c16-image\" alt=\"\" srcset=\"https:\/\/mielleriecollectivedesbauges.com\/wp-content\/uploads\/2023\/05\/cropped-nougat-1206707_1280.jpg 1237w, https:\/\/mielleriecollectivedesbauges.com\/wp-content\/uploads\/2023\/05\/cropped-nougat-1206707_1280-300x233.jpg 300w, https:\/\/mielleriecollectivedesbauges.com\/wp-content\/uploads\/2023\/05\/cropped-nougat-1206707_1280-1024x796.jpg 1024w, https:\/\/mielleriecollectivedesbauges.com\/wp-content\/uploads\/2023\/05\/cropped-nougat-1206707_1280-768x597.jpg 768w\" sizes=\"(max-width: 1237px) 100vw, 1237px\" \/>\n                      <div class=\"h-image__frame h-hide-lg h-hide-md h-hide-sm style-402-frameImage style-local-1104-c16-frameImage\"><\/div>\n                    <\/div>\n                  <\/div>\n                <\/div>\n              <\/div>\n            <\/div>\n          <\/div>\n        <\/div>\n      <\/div>\n    <\/div>\n  <\/div>\n<\/div>","protected":false},"excerpt":{"rendered":"<p>\u00ab L\u2019homme n\u2019\u00e9tait pas destin\u00e9 \u00e0 faire partie d\u2019un troupeau comme un animal domestique, mais d\u2019une ruche comme les abeilles \u00bb&nbsp; &nbsp; &nbsp; Kant La miellerie collective a vu le jour en 2011 sur la commune de Saint-Eustache en Haute-Savoie. Cr\u00e9\u00e9e par des passionn\u00e9s d\u2019apiculture, cette miellerie propose un lieu unique rassemblant tout le mat\u00e9riel [&hellip;]<\/p>\n","protected":false},"author":1,"featured_media":0,"parent":0,"menu_order":0,"comment_status":"closed","ping_status":"closed","template":"page-templates\/homepage.php","meta":{"_exactmetrics_skip_tracking":false,"_exactmetrics_sitenote_active":false,"_exactmetrics_sitenote_note":"","_exactmetrics_sitenote_category":0,"footnotes":""},"class_list":["post-1104","page","type-page","status-publish","hentry"],"jetpack_sharing_enabled":true,"_links":{"self":[{"href":"https:\/\/mielleriecollectivedesbauges.com\/index.php\/wp-json\/wp\/v2\/pages\/1104","targetHints":{"allow":["GET"]}}],"collection":[{"href":"https:\/\/mielleriecollectivedesbauges.com\/index.php\/wp-json\/wp\/v2\/pages"}],"about":[{"href":"https:\/\/mielleriecollectivedesbauges.com\/index.php\/wp-json\/wp\/v2\/types\/page"}],"author":[{"embeddable":true,"href":"https:\/\/mielleriecollectivedesbauges.com\/index.php\/wp-json\/wp\/v2\/users\/1"}],"replies":[{"embeddable":true,"href":"https:\/\/mielleriecollectivedesbauges.com\/index.php\/wp-json\/wp\/v2\/comments?post=1104"}],"version-history":[{"count":20,"href":"https:\/\/mielleriecollectivedesbauges.com\/index.php\/wp-json\/wp\/v2\/pages\/1104\/revisions"}],"predecessor-version":[{"id":2252,"href":"https:\/\/mielleriecollectivedesbauges.com\/index.php\/wp-json\/wp\/v2\/pages\/1104\/revisions\/2252"}],"wp:attachment":[{"href":"https:\/\/mielleriecollectivedesbauges.com\/index.php\/wp-json\/wp\/v2\/media?parent=1104"}],"curies":[{"name":"wp","href":"https:\/\/api.w.org\/{rel}","templated":true}]}}