{"id":1002,"date":"2021-04-07T11:26:12","date_gmt":"2021-04-07T09:26:12","guid":{"rendered":"http:\/\/mielleriecollectivedesbauges.com\/?page_id=1002"},"modified":"2026-01-11T15:41:49","modified_gmt":"2026-01-11T14:41:49","slug":"adhesion-et-paiement","status":"publish","type":"page","link":"https:\/\/mielleriecollectivedesbauges.com\/index.php\/adhesion-et-paiement\/","title":{"rendered":"Adh\u00e9sion"},"content":{"rendered":"\n<p><strong>Formulaire d&rsquo;adh\u00e9sion \u00e0 compl\u00e9ter ci dessous, les modalit\u00e9s de paiement sont renseign\u00e9es dans le mail de confirmation de r\u00e9ception.<\/strong><\/p>\n\n\n\n<hr class=\"wp-block-separator has-css-opacity\"\/>\n\n\n<div class=\"wpforms-container wpforms-container-full\" id=\"wpforms-2121\"><form id=\"wpforms-form-2121\" class=\"wpforms-validate wpforms-form wpforms-ajax-form\" data-formid=\"2121\" method=\"post\" enctype=\"multipart\/form-data\" action=\"\/index.php\/wp-json\/wp\/v2\/pages\/1002\" data-token=\"4070cd1b1d865f11badd1e116c780061\" data-token-time=\"1775945744\"><noscript class=\"wpforms-error-noscript\">Veuillez activer JavaScript dans votre navigateur pour remplir ce formulaire.<\/noscript><div class=\"wpforms-field-container\"><div id=\"wpforms-2121-field_9-container\" class=\"wpforms-field wpforms-field-payment-single wpforms-field-readonly\" data-field-id=\"9\"><label class=\"wpforms-field-label\">Le tarif d&#039;adh\u00e9sion est de 36\u20ac pour \u00eatre membre actif en 2026<\/label><div class=\"wpforms-single-item-price-content\"><div class=\"wpforms-single-item-price wpforms-field-medium wpforms-payment-price\">Prix\u00a0: <span class=\"wpforms-price\">36,00 &euro;<\/span><\/div><\/div><input type=\"hidden\" id=\"wpforms-2121-field_9\" class=\"wpforms-field-medium wpforms-payment-price\" name=\"wpforms[fields][9]\" value=\"36,00 &euro;\"><\/div><div id=\"wpforms-2121-field_16-container\" class=\"wpforms-field wpforms-field-name\" data-field-id=\"16\"><label class=\"wpforms-field-label\" for=\"wpforms-2121-field_16\">Nom <span class=\"wpforms-required-label\">*<\/span><\/label><input type=\"text\" id=\"wpforms-2121-field_16\" class=\"wpforms-field-medium wpforms-field-required\" name=\"wpforms[fields][16]\" required><\/div><div id=\"wpforms-2121-field_17-container\" class=\"wpforms-field wpforms-field-name\" data-field-id=\"17\"><label class=\"wpforms-field-label\" for=\"wpforms-2121-field_17\">Pr\u00e9nom <span class=\"wpforms-required-label\">*<\/span><\/label><input type=\"text\" id=\"wpforms-2121-field_17\" class=\"wpforms-field-small wpforms-field-required\" name=\"wpforms[fields][17]\" required><\/div><div id=\"wpforms-2121-field_4-container\" class=\"wpforms-field wpforms-field-text\" data-field-id=\"4\"><label class=\"wpforms-field-label\" for=\"wpforms-2121-field_4\">Adresse <span class=\"wpforms-required-label\">*<\/span><\/label><input type=\"text\" id=\"wpforms-2121-field_4\" class=\"wpforms-field-medium wpforms-field-required\" name=\"wpforms[fields][4]\" value=\"rue\" required><\/div><div id=\"wpforms-2121-field_5-container\" class=\"wpforms-field wpforms-field-text\" data-field-id=\"5\"><label class=\"wpforms-field-label\" for=\"wpforms-2121-field_5\">CP\/Ville <span class=\"wpforms-required-label\">*<\/span><\/label><input type=\"text\" id=\"wpforms-2121-field_5\" class=\"wpforms-field-medium wpforms-field-required\" name=\"wpforms[fields][5]\" required><\/div><div id=\"wpforms-2121-field_7-container\" class=\"wpforms-field wpforms-field-number\" data-field-id=\"7\"><label class=\"wpforms-field-label\" for=\"wpforms-2121-field_7\">Num\u00e9ro deT\u00e9l\u00e9phone <span class=\"wpforms-required-label\">*<\/span><\/label><input type=\"number\" id=\"wpforms-2121-field_7\" class=\"wpforms-field-medium wpforms-field-required\" name=\"wpforms[fields][7]\" step=\"any\" required><\/div><div id=\"wpforms-2121-field_8-container\" class=\"wpforms-field wpforms-field-email\" data-field-id=\"8\"><label class=\"wpforms-field-label\" for=\"wpforms-2121-field_8\">Adresse de contact E-mail <span class=\"wpforms-required-label\">*<\/span><\/label><input type=\"email\" id=\"wpforms-2121-field_8\" class=\"wpforms-field-medium wpforms-field-required\" name=\"wpforms[fields][8]\" spellcheck=\"false\" required><\/div>\t\t<div id=\"wpforms-2121-field_1-container\"\n\t\t\tclass=\"wpforms-field wpforms-field-text\"\n\t\t\tdata-field-type=\"text\"\n\t\t\tdata-field-id=\"1\"\n\t\t\t>\n\t\t\t<label class=\"wpforms-field-label\" for=\"wpforms-2121-field_1\" >oui, conna\u00eetre planning<\/label>\n\t\t\t<input type=\"text\" id=\"wpforms-2121-field_1\" class=\"wpforms-field-medium\" name=\"wpforms[fields][1]\" >\n\t\t<\/div>\n\t\t<div id=\"wpforms-2121-field_11-container\" class=\"wpforms-field wpforms-field-number\" data-field-id=\"11\"><label class=\"wpforms-field-label\" for=\"wpforms-2121-field_11\">Nombres d&#039;ann\u00e9es d&#039;exp\u00e9rience, nous aimerions vous conna\u00eetre afin de mieux cerner vos attentes pour faciliter les activit\u00e9s et le planning .<\/label><input type=\"number\" id=\"wpforms-2121-field_11\" class=\"wpforms-field-medium\" name=\"wpforms[fields][11]\" placeholder=\"Nombres d&#039;ann\u00e9es d&#039;exp\u00e9rience\" min=\"0\" step=\"any\" ><\/div><div id=\"wpforms-2121-field_18-container\" class=\"wpforms-field wpforms-field-text\" data-field-id=\"18\"><label class=\"wpforms-field-label\" for=\"wpforms-2121-field_18\">Num\u00e9ro NAPI<\/label><input type=\"text\" id=\"wpforms-2121-field_18\" class=\"wpforms-field-small\" name=\"wpforms[fields][18]\" ><\/div><div id=\"wpforms-2121-field_14-container\" class=\"wpforms-field wpforms-field-text\" data-field-id=\"14\"><label class=\"wpforms-field-label\" for=\"wpforms-2121-field_14\">\u00cates\u2010vous membre d\u2019un rucher \u00e9cole, d&#039;un syndicat ou d\u2019une autre association d\u2019apiculture, et si oui, lesquels ?<\/label><input type=\"text\" id=\"wpforms-2121-field_14\" class=\"wpforms-field-large\" name=\"wpforms[fields][14]\" ><\/div><div id=\"wpforms-2121-field_15-container\" class=\"wpforms-field wpforms-field-number\" data-field-id=\"15\"><label class=\"wpforms-field-label\" for=\"wpforms-2121-field_15\">Quel est l\u2019importance de votre cheptel ?<\/label><input type=\"number\" id=\"wpforms-2121-field_15\" class=\"wpforms-field-small\" name=\"wpforms[fields][15]\" placeholder=\"Nombres de colonies en production\" min=\"1\" step=\"any\" ><\/div><div id=\"wpforms-2121-field_20-container\" class=\"wpforms-field wpforms-field-textarea\" data-field-id=\"20\"><label class=\"wpforms-field-label\" for=\"wpforms-2121-field_20\">Commentaire ou message<\/label><textarea id=\"wpforms-2121-field_20\" class=\"wpforms-field-medium\" name=\"wpforms[fields][20]\" ><\/textarea><\/div><script>\n\t\t\t\t( function() {\n\t\t\t\t\tconst style = document.createElement( 'style' );\n\t\t\t\t\tstyle.appendChild( document.createTextNode( '#wpforms-2121-field_1-container { position: absolute !important; overflow: hidden !important; display: inline !important; height: 1px !important; width: 1px !important; z-index: -1000 !important; padding: 0 !important; } #wpforms-2121-field_1-container input { visibility: hidden; } #wpforms-conversational-form-page #wpforms-2121-field_1-container label { counter-increment: none; }' ) );\n\t\t\t\t\tdocument.head.appendChild( style );\n\t\t\t\t\tdocument.currentScript?.remove();\n\t\t\t\t} )();\n\t\t\t<\/script><\/div><!-- .wpforms-field-container --><div class=\"wpforms-recaptcha-container wpforms-is-hcaptcha\" ><div class=\"h-captcha\" data-sitekey=\"8ad27064-f0bc-43a8-9778-3d8057aea2a2\"><\/div><input type=\"text\" name=\"g-recaptcha-hidden\" class=\"wpforms-recaptcha-hidden\" style=\"position:absolute!important;clip:rect(0,0,0,0)!important;height:1px!important;width:1px!important;border:0!important;overflow:hidden!important;padding:0!important;margin:0!important;\" data-rule-hcaptcha=\"1\"><\/div><div class=\"wpforms-submit-container\" ><input type=\"hidden\" name=\"wpforms[id]\" value=\"2121\"><input type=\"hidden\" name=\"page_title\" value=\"\"><input type=\"hidden\" name=\"page_url\" value=\"https:\/\/mielleriecollectivedesbauges.com\/index.php\/wp-json\/wp\/v2\/pages\/1002\"><input type=\"hidden\" name=\"url_referer\" value=\"\"><button type=\"submit\" name=\"wpforms[submit]\" id=\"wpforms-submit-2121\" class=\"wpforms-submit\" data-alt-text=\"Envoi...\" data-submit-text=\"Envoyer\" aria-live=\"assertive\" value=\"wpforms-submit\">Envoyer<\/button><img decoding=\"async\" src=\"https:\/\/mielleriecollectivedesbauges.com\/wp-content\/plugins\/wpforms-lite\/assets\/images\/submit-spin.svg\" class=\"wpforms-submit-spinner\" style=\"display: none;\" width=\"26\" height=\"26\" alt=\"Chargement en cours\"><\/div><\/form><\/div>  <!-- .wpforms-container -->\n\n\n\n<h2 class=\"wp-block-heading\" id=\"vers-l-inscription-papier\">Bulletin d&rsquo;adh\u00e9sion <\/h2>\n\n\n\n<p>Il est \u00e0 t\u00e9l\u00e9charger via le lien ci-dessous et \u00e0 transmettre avec votre r\u00e8glement (par courrier ou dans la bo\u00eete \u00e0 lettres de la miellerie). Merci et bon travail !<\/p>\n\n\n\n<div class=\"wp-block-buttons is-layout-flex wp-block-buttons-is-layout-flex\">\n<div class=\"wp-block-button is-style-outline is-style-outline--1\"><a class=\"wp-block-button__link has-very-dark-gray-color has-luminous-vivid-amber-background-color has-text-color has-background wp-element-button\" href=\"https:\/\/mielleriecollectivedesbauges.com\/wp-content\/uploads\/2026\/01\/Bulletin-Adhesion-2026.pdf\">Vers le formulaire papier<\/a><\/div>\n<\/div>\n\n\n\n<p><em>*Le futur adh\u00e9rent s&rsquo;engage au travers de son adh\u00e9sion \u00e0 accepter, sans restriction, <a rel=\"noreferrer noopener\" href=\"https:\/\/mielleriecollectivedesbauges.com\/wp-content\/uploads\/2021\/07\/Reglement-interieur-2021-10-juillet2021-.pdf\" data-type=\"URL\" data-id=\"https:\/\/mielleriecollectivedesbauges.com\/wp-content\/uploads\/2021\/07\/Reglement-interieur-2021-10-juillet2021-.pdf\" target=\"_blank\">le r\u00e8glement int\u00e9rieur<\/a> de la miellerie et l&rsquo;ensemble de ses conditions d&rsquo;utilisation<\/em>.<\/p>\n\n\n\n<p><\/p>\n","protected":false},"excerpt":{"rendered":"<p>Formulaire d&rsquo;adh\u00e9sion \u00e0 compl\u00e9ter ci dessous, les modalit\u00e9s de paiement sont renseign\u00e9es dans le mail de confirmation de r\u00e9ception. Bulletin d&rsquo;adh\u00e9sion Il est \u00e0 t\u00e9l\u00e9charger via le lien ci-dessous et \u00e0 transmettre avec votre r\u00e8glement (par courrier ou dans la bo\u00eete \u00e0 lettres de la miellerie). Merci et bon travail ! *Le futur adh\u00e9rent s&rsquo;engage [&hellip;]<\/p>\n","protected":false},"author":1,"featured_media":1010,"parent":0,"menu_order":0,"comment_status":"closed","ping_status":"closed","template":"","meta":{"_exactmetrics_skip_tracking":false,"_exactmetrics_sitenote_active":false,"_exactmetrics_sitenote_note":"","_exactmetrics_sitenote_category":0,"footnotes":""},"class_list":["post-1002","page","type-page","status-publish","has-post-thumbnail","hentry"],"jetpack_sharing_enabled":true,"_links":{"self":[{"href":"https:\/\/mielleriecollectivedesbauges.com\/index.php\/wp-json\/wp\/v2\/pages\/1002","targetHints":{"allow":["GET"]}}],"collection":[{"href":"https:\/\/mielleriecollectivedesbauges.com\/index.php\/wp-json\/wp\/v2\/pages"}],"about":[{"href":"https:\/\/mielleriecollectivedesbauges.com\/index.php\/wp-json\/wp\/v2\/types\/page"}],"author":[{"embeddable":true,"href":"https:\/\/mielleriecollectivedesbauges.com\/index.php\/wp-json\/wp\/v2\/users\/1"}],"replies":[{"embeddable":true,"href":"https:\/\/mielleriecollectivedesbauges.com\/index.php\/wp-json\/wp\/v2\/comments?post=1002"}],"version-history":[{"count":30,"href":"https:\/\/mielleriecollectivedesbauges.com\/index.php\/wp-json\/wp\/v2\/pages\/1002\/revisions"}],"predecessor-version":[{"id":2228,"href":"https:\/\/mielleriecollectivedesbauges.com\/index.php\/wp-json\/wp\/v2\/pages\/1002\/revisions\/2228"}],"wp:featuredmedia":[{"embeddable":true,"href":"https:\/\/mielleriecollectivedesbauges.com\/index.php\/wp-json\/wp\/v2\/media\/1010"}],"wp:attachment":[{"href":"https:\/\/mielleriecollectivedesbauges.com\/index.php\/wp-json\/wp\/v2\/media?parent=1002"}],"curies":[{"name":"wp","href":"https:\/\/api.w.org\/{rel}","templated":true}]}}